{"id":3144,"date":"2018-10-16T13:51:27","date_gmt":"2018-10-16T13:51:27","guid":{"rendered":"http:\/\/jcamilo-sroc.pt\/?page_id=3144"},"modified":"2024-01-19T10:04:12","modified_gmt":"2024-01-19T10:04:12","slug":"privacy-policy","status":"publish","type":"page","link":"https:\/\/jcamilo-sroc.pt\/en\/privacy-policy\/","title":{"rendered":"Privacy Policy"},"content":{"rendered":"<p>[vc_row bg_type=&#8221;image&#8221; parallax_style=&#8221;vcpb-vz-jquery&#8221; bg_image_new=&#8221;id^1616|url^http:\/\/jcamilo-sroc.pt\/wp-content\/uploads\/2014\/03\/fancyblue.gif|caption^null|alt^null|title^fancyblue|description^null&#8221; bg_image_repeat=&#8221;no-repeat&#8221; bg_override=&#8221;ex-full&#8221; type=&#8221;vc_default&#8221; margin_top=&#8221;-50&#8243; css=&#8221;.vc_custom_1537355360201{padding-top: 10% !important;padding-bottom: 5% !important;background-color: #0b5482 !important;}&#8221;][vc_column offset=&#8221;vc_col-lg-12 vc_col-md-12&#8243; css=&#8221;.vc_custom_1526058643829{padding-top: 100px !important;padding-bottom: 20px !important;}&#8221;]<div id=\"ultimate-heading-508769f9bdafeba76\" class=\"uvc-heading ult-adjust-bottom-margin ultimate-heading-508769f9bdafeba76 uvc-3847 accent-subtitle-color\" data-hspacer=\"no_spacer\"  data-halign=\"center\" style=\"text-align:center\"><div class=\"uvc-heading-spacer no_spacer\" style=\"top\"><\/div><div class=\"uvc-main-heading ult-responsive\"  data-ultimate-target='.uvc-heading.ultimate-heading-508769f9bdafeba76 h2'  data-responsive-json-new='{\"font-size\":\"desktop:70px;mobile_landscape:30px;\",\"line-height\":\"desktop:80px;mobile_landscape:40px;\"}' ><h2 style=\"font-weight:normal;color:#ffffff;\">PRIVACY POLICY<\/h2><\/div><\/div>[\/vc_column][\/vc_row][vc_row css=&#8221;.vc_custom_1537814007556{margin-top: 80px !important;margin-bottom: 80px !important;}&#8221;][vc_column][vc_column_text]A\u00a0 J.Camilo, Nunes &amp; Associados, SROC, Lda., assegura a confidencialidade, privacidade e seguran\u00e7a no tratamento de dados de toda a informa\u00e7\u00e3o fornecida\/recebida.<\/p>\n<p>Esta informa\u00e7\u00e3o ser\u00e1 tratada de forma a garantir que o tratamento de dados dos nossos clientes seja seguro, sigiloso, l\u00edcito, leal, transparente e limitado a finalidades autorizadas\u00a0 e de acordo com a lei.<\/p>\n<p>As altera\u00e7\u00f5es \u00e0 nossa Pol\u00edtica de Privacidade ser\u00e3o sempre publicadas nesta p\u00e1gina para que a elas possa ter acesso. Agradecemos que, em caso de discord\u00e2ncia ou n\u00e3o pretenda que continuemos a utilizar os dados que nos foram remetidos, comunique-nos.[\/vc_column_text][\/vc_column][\/vc_row]<\/p>\n","protected":false},"excerpt":{"rendered":"<p>[vc_row bg_type=&#8221;image&#8221; parallax_style=&#8221;vcpb-vz-jquery&#8221; bg_image_new=&#8221;id^1616|url^http:\/\/jcamilo-sroc.pt\/wp-content\/uploads\/2014\/03\/fancyblue.gif|caption^null|alt^null|title^fancyblue|description^null&#8221; bg_image_repeat=&#8221;no-repeat&#8221; bg_override=&#8221;ex-full&#8221; type=&#8221;vc_default&#8221; margin_top=&#8221;-50&#8243; css=&#8221;.vc_custom_1537355360201{padding-top: 10% !important;padding-bottom: 5% !important;background-color: #0b5482 !important;}&#8221;][vc_column offset=&#8221;vc_col-lg-12 vc_col-md-12&#8243; css=&#8221;.vc_custom_1526058643829{padding-top: 100px !important;padding-bottom: 20px !important;}&#8221;][\/vc_column][\/vc_row][vc_row css=&#8221;.vc_custom_1537814007556{margin-top: 80px !important;margin-bottom: 80px !important;}&#8221;][vc_column][vc_column_text]A\u00a0 J.Camilo, Nunes &amp; Associados, SROC, Lda., assegura a confidencialidade, privacidade e seguran\u00e7a no tratamento de dados de toda a informa\u00e7\u00e3o fornecida\/recebida. Esta informa\u00e7\u00e3o ser\u00e1 tratada de forma a&hellip;<\/p>\n","protected":false},"author":3,"featured_media":0,"parent":0,"menu_order":10,"comment_status":"closed","ping_status":"closed","template":"","meta":{"footnotes":""},"class_list":["post-3144","page","type-page","status-publish","hentry","description-off"],"_links":{"self":[{"href":"https:\/\/jcamilo-sroc.pt\/en\/wp-json\/wp\/v2\/pages\/3144","targetHints":{"allow":["GET"]}}],"collection":[{"href":"https:\/\/jcamilo-sroc.pt\/en\/wp-json\/wp\/v2\/pages"}],"about":[{"href":"https:\/\/jcamilo-sroc.pt\/en\/wp-json\/wp\/v2\/types\/page"}],"author":[{"embeddable":true,"href":"https:\/\/jcamilo-sroc.pt\/en\/wp-json\/wp\/v2\/users\/3"}],"replies":[{"embeddable":true,"href":"https:\/\/jcamilo-sroc.pt\/en\/wp-json\/wp\/v2\/comments?post=3144"}],"version-history":[{"count":2,"href":"https:\/\/jcamilo-sroc.pt\/en\/wp-json\/wp\/v2\/pages\/3144\/revisions"}],"predecessor-version":[{"id":3232,"href":"https:\/\/jcamilo-sroc.pt\/en\/wp-json\/wp\/v2\/pages\/3144\/revisions\/3232"}],"wp:attachment":[{"href":"https:\/\/jcamilo-sroc.pt\/en\/wp-json\/wp\/v2\/media?parent=3144"}],"curies":[{"name":"wp","href":"https:\/\/api.w.org\/{rel}","templated":true}]}}