{"id":2318,"date":"2018-09-20T10:06:13","date_gmt":"2018-09-20T10:06:13","guid":{"rendered":"http:\/\/jcamilo-sroc.pt\/?page_id=2318"},"modified":"2018-10-16T10:51:12","modified_gmt":"2018-10-16T10:51:12","slug":"clientes","status":"publish","type":"page","link":"https:\/\/jcamilo-sroc.pt\/pt-pt\/clientes\/","title":{"rendered":"Clientes"},"content":{"rendered":"<p>[vc_row full_width=&#8221;stretch_row&#8221; bg_type=&#8221;image&#8221; parallax_style=&#8221;vcpb-vz-jquery&#8221; bg_image_new=&#8221;id^2799|url^http:\/\/jcamilo-sroc.pt\/wp-content\/uploads\/2018\/10\/fundo_topo-1.jpg|caption^null|alt^null|title^fundo_topo|description^null&#8221; bg_image_repeat=&#8221;no-repeat&#8221; bg_override=&#8221;ex-full&#8221; type=&#8221;vc_default&#8221; margin_top=&#8221;-50&#8243; css=&#8221;.vc_custom_1538576779467{padding-top: 7% !important;padding-bottom: 3% !important;background-color: #0b5482 !important;}&#8221;][vc_column offset=&#8221;vc_col-lg-12 vc_col-md-12&#8243; css=&#8221;.vc_custom_1526058643829{padding-top: 100px !important;padding-bottom: 20px !important;}&#8221;]<div id=\"ultimate-heading-599569f9bdd370873\" class=\"uvc-heading ult-adjust-bottom-margin ultimate-heading-599569f9bdd370873 uvc-8177 accent-subtitle-color\" data-hspacer=\"no_spacer\"  data-halign=\"center\" style=\"text-align:center\"><div class=\"uvc-heading-spacer no_spacer\" style=\"top\"><\/div><div class=\"uvc-main-heading ult-responsive\"  data-ultimate-target='.uvc-heading.ultimate-heading-599569f9bdd370873 h2'  data-responsive-json-new='{\"font-size\":\"desktop:50px;mobile_landscape:30px;\",\"line-height\":\"desktop:60px;mobile_landscape:40px;\"}' ><h2 style=\"font-weight:normal;color:#ffffff;\">CLIENTES<\/h2><\/div><div class=\"uvc-sub-heading ult-responsive\"  data-ultimate-target='.uvc-heading.ultimate-heading-599569f9bdd370873 .uvc-sub-heading '  data-responsive-json-new='{\"font-size\":\"desktop:20px;mobile_landscape:22px;\",\"line-height\":\"desktop:30px;mobile_landscape:32px;\"}'  style=\"font-family:&#039;Roboto&#039;;font-weight:normal;color:#ffffff;margin-top:10px;margin-bottom:25px;\"><span style=\"color: #ffffff;\">Onde e com quem trabalhamos<\/span><\/div><\/div>[\/vc_column][\/vc_row][vc_row][vc_column width=&#8221;5\/12&#8243;]<div id=\"ultimate-heading-526869f9bdd37091c\" class=\"uvc-heading ult-adjust-bottom-margin ultimate-heading-526869f9bdd37091c uvc-5965 \" data-hspacer=\"line_only\"  data-halign=\"left\" style=\"text-align:left\"><div class=\"uvc-main-heading ult-responsive\"  data-ultimate-target='.uvc-heading.ultimate-heading-526869f9bdd37091c h2'  data-responsive-json-new='{\"font-size\":\"desktop:26px;\",\"line-height\":\"desktop:36px;\"}' ><h2 style=\"font-weight:normal;margin-bottom:10px;\">Onde Estamos<\/h2><\/div><div class=\"uvc-heading-spacer line_only\" style=\"margin-bottom:45px;height:3px;\"><span class=\"uvc-headings-line\" style=\"border-style:solid;border-bottom-width:3px;border-color:#999999;width:70px;\"><\/span><\/div><\/div>[vc_column_text css=&#8221;.vc_custom_1537778471130{padding-top: 20px !important;padding-bottom: 20px !important;}&#8221;]Empresas e entidades p\u00fablicas, privadas e cooperativas, de pequena, m\u00e9dia e grande dimens\u00e3o, algumas das quais ligadas a grupos internacionais, divididos por diversos setores de atividade.<\/p>\n<p>Atuamos de Norte a Sul do pa\u00eds e nas Regi\u00f5es aut\u00f3nomas dos A\u00e7ores e da Madeira e em parceria com alguns pa\u00edses africanos de l\u00edngua oficial portuguesa.[\/vc_column_text][\/vc_column][vc_column width=&#8221;7\/12&#8243;]<div id=\"ultimate-heading-623169f9bdd370978\" class=\"uvc-heading ult-adjust-bottom-margin ultimate-heading-623169f9bdd370978 uvc-9876 \" data-hspacer=\"line_only\"  data-halign=\"left\" style=\"text-align:left\"><div class=\"uvc-main-heading ult-responsive\"  data-ultimate-target='.uvc-heading.ultimate-heading-623169f9bdd370978 h2'  data-responsive-json-new='{\"font-size\":\"desktop:26px;\",\"line-height\":\"desktop:36px;\"}' ><h2 style=\"font-weight:normal;margin-bottom:10px;\">\u00c1reas de Atividade<\/h2><\/div><div class=\"uvc-heading-spacer line_only\" style=\"margin-bottom:45px;height:3px;\"><span class=\"uvc-headings-line\" style=\"border-style:solid;border-bottom-width:3px;border-color:#999999;width:70px;\"><\/span><\/div><\/div>[vc_row_inner][vc_column_inner width=&#8221;1\/2&#8243;][vc_column_text css=&#8221;.vc_custom_1539615906724{padding-top: 20px !important;padding-bottom: 20px !important;}&#8221;]<\/p>\n<ul>\n<li>Agricultura<\/li>\n<li>Viticultura e Produ\u00e7\u00e3o de Vinho<\/li>\n<li>Hoteleira, Turismo e Restaura\u00e7\u00e3o<\/li>\n<li>Constru\u00e7\u00e3o civil e obras p\u00fablicas<\/li>\n<li>Arquitetura e Engenharia<\/li>\n<li>Restauro e Conserva\u00e7\u00e3o de Patrim\u00f3nio Cultural e Art\u00edstico<\/li>\n<li>Imobili\u00e1rio<\/li>\n<li>Ind\u00fastria de Madeiras, Estruturas Met\u00e1licas e Tratamento de Metais, Ferrovi\u00e1ria e Metalomec\u00e2nica<\/li>\n<li>Reciclagem<\/li>\n<li>Transportes de Mercadorias<\/li>\n<\/ul>\n<p>[\/vc_column_text][\/vc_column_inner][vc_column_inner width=&#8221;1\/2&#8243;][vc_column_text css=&#8221;.vc_custom_1539615923634{padding-top: 20px !important;padding-bottom: 20px !important;}&#8221;]<\/p>\n<ul>\n<li>Institui\u00e7\u00f5es Financeiras<\/li>\n<li>Fundos de Investimento<\/li>\n<li>Sociedades de Capital de Risco<\/li>\n<li>Sociedades Gestoras de Participa\u00e7\u00f5es Sociais<\/li>\n<li>Agrupamento Complementar de Empresas<\/li>\n<li>Consultadoria de Gest\u00e3o<\/li>\n<li>Comunica\u00e7\u00e3o e Marketing<\/li>\n<li>Sa\u00fade<\/li>\n<li>Forma\u00e7\u00e3o<\/li>\n<li>Retalho autom\u00f3vel<\/li>\n<li>Valoriza\u00e7\u00e3o e gest\u00e3o de res\u00edduos<\/li>\n<\/ul>\n<p>[\/vc_column_text][\/vc_column_inner][\/vc_row_inner][\/vc_column][\/vc_row]<\/p>\n","protected":false},"excerpt":{"rendered":"<p>[vc_row full_width=&#8221;stretch_row&#8221; bg_type=&#8221;image&#8221; parallax_style=&#8221;vcpb-vz-jquery&#8221; bg_image_new=&#8221;id^2799|url^http:\/\/jcamilo-sroc.pt\/wp-content\/uploads\/2018\/10\/fundo_topo-1.jpg|caption^null|alt^null|title^fundo_topo|description^null&#8221; bg_image_repeat=&#8221;no-repeat&#8221; bg_override=&#8221;ex-full&#8221; type=&#8221;vc_default&#8221; margin_top=&#8221;-50&#8243; css=&#8221;.vc_custom_1538576779467{padding-top: 7% !important;padding-bottom: 3% !important;background-color: #0b5482 !important;}&#8221;][vc_column offset=&#8221;vc_col-lg-12 vc_col-md-12&#8243; css=&#8221;.vc_custom_1526058643829{padding-top: 100px !important;padding-bottom: 20px !important;}&#8221;][\/vc_column][\/vc_row][vc_row][vc_column width=&#8221;5\/12&#8243;][vc_column_text css=&#8221;.vc_custom_1537778471130{padding-top: 20px !important;padding-bottom: 20px !important;}&#8221;]Empresas e entidades p\u00fablicas, privadas e cooperativas, de pequena, m\u00e9dia e grande dimens\u00e3o, algumas das quais ligadas a grupos internacionais, divididos por diversos setores de atividade. Atuamos&hellip;<\/p>\n","protected":false},"author":3,"featured_media":0,"parent":0,"menu_order":20,"comment_status":"closed","ping_status":"closed","template":"","meta":{"footnotes":""},"class_list":["post-2318","page","type-page","status-publish","hentry","description-off"],"_links":{"self":[{"href":"https:\/\/jcamilo-sroc.pt\/pt-pt\/wp-json\/wp\/v2\/pages\/2318","targetHints":{"allow":["GET"]}}],"collection":[{"href":"https:\/\/jcamilo-sroc.pt\/pt-pt\/wp-json\/wp\/v2\/pages"}],"about":[{"href":"https:\/\/jcamilo-sroc.pt\/pt-pt\/wp-json\/wp\/v2\/types\/page"}],"author":[{"embeddable":true,"href":"https:\/\/jcamilo-sroc.pt\/pt-pt\/wp-json\/wp\/v2\/users\/3"}],"replies":[{"embeddable":true,"href":"https:\/\/jcamilo-sroc.pt\/pt-pt\/wp-json\/wp\/v2\/comments?post=2318"}],"version-history":[{"count":23,"href":"https:\/\/jcamilo-sroc.pt\/pt-pt\/wp-json\/wp\/v2\/pages\/2318\/revisions"}],"predecessor-version":[{"id":3100,"href":"https:\/\/jcamilo-sroc.pt\/pt-pt\/wp-json\/wp\/v2\/pages\/2318\/revisions\/3100"}],"wp:attachment":[{"href":"https:\/\/jcamilo-sroc.pt\/pt-pt\/wp-json\/wp\/v2\/media?parent=2318"}],"curies":[{"name":"wp","href":"https:\/\/api.w.org\/{rel}","templated":true}]}}