{"id":592,"date":"2014-03-18T09:49:29","date_gmt":"2014-03-18T09:49:29","guid":{"rendered":"http:\/\/the7.dream-demo.com\/business\/?page_id=2"},"modified":"2018-10-30T14:31:34","modified_gmt":"2018-10-30T14:31:34","slug":"home","status":"publish","type":"page","link":"https:\/\/jcamilo-sroc.pt\/pt-pt\/","title":{"rendered":"Home"},"content":{"rendered":"<p>[vc_row disable_element=&#8221;yes&#8221; css=&#8221;.vc_custom_1537866912044{margin-top: 80px !important;margin-bottom: 80px !important;}&#8221;][vc_column]<div class=\"aio-icon-component  vc_custom_1537528999375  accent-icon-bg color-title style_1\"><div id=\"Info-box-wrap-4185\" class=\"aio-icon-box top-icon\" style=\"\"  ><div class=\"aio-icon-top\"><div class=\"ult-just-icon-wrapper  \"><div class=\"align-icon\" style=\"text-align:center;\">\n<div class=\"aio-icon advanced \"  style=\"color:#ffffff;background:#ffffff;border-style:solid;border-color:;border-width:0px;width:68px;height:68px;line-height:68px;border-radius:5px;font-size:26px;display:inline-block;\">\n\t<i class=\"Defaults-group users\"><\/i>\n<\/div><\/div><\/div><\/div><div class=\"aio-icon-header\" ><h3 class=\"aio-icon-title ult-responsive\"  data-ultimate-target='#Info-box-wrap-4185 .aio-icon-title'  data-responsive-json-new='{\"font-size\":\"desktop:40px;\",\"line-height\":\"desktop:50px;\"}'  style=\"\">QUEM SOMOS<\/h3><\/div> <!-- header --><\/div> <!-- aio-icon-box --><\/div> <!-- aio-icon-component -->[vc_row_inner][vc_column_inner width=&#8221;1\/6&#8243;][\/vc_column_inner][vc_column_inner width=&#8221;4\/6&#8243;][vc_column_text]<\/p>\n<p style=\"text-align: center;\">A JCAMILO &amp; ASSOCIADOS SROC \u00e9 uma empresa de auditoria financeira que iniciou actividade em 1997. Atualmente conta com 5 s\u00f3cios e com uma equipa de cerca de 11 colaboradores. Com sede em Lisboa e um escrit\u00f3rio no Porto.<\/p>\n<p>[\/vc_column_text][\/vc_column_inner][vc_column_inner width=&#8221;1\/6&#8243;][\/vc_column_inner][\/vc_row_inner]<div class=\" ubtn-ctn-center \"><a class=\"ubtn-link ult-adjust-bottom-margin ubtn-center ubtn-large \" href=\"http:\/\/jcamilo-sroc.pt\/jc-sroc\/quem-somos\/\" ><button type=\"button\" id=\"ubtn-5413\"  class=\"ubtn ult-adjust-bottom-margin ult-responsive ubtn-large ubtn-fade-bg  none  ubtn-center   tooltip-69f9aecf967f0\"  data-hover=\"#ffffff\" data-border-color=\"#1a5586\" data-bg=\"\" data-hover-bg=\"#44bdf7\" data-border-hover=\"\" data-shadow-hover=\"\" data-shadow-click=\"none\" data-shadow=\"\" data-shd-shadow=\"\"  data-ultimate-target='#ubtn-5413'  data-responsive-json-new='{\"font-size\":\"desktop:20px;\",\"line-height\":\"\"}'  style=\"font-family:&#039;Roboto&#039;;font-weight:normal;border-radius:0px;border-width:1px;border-color:#1a5586;border-style:solid;color: #333333;\"><span class=\"ubtn-hover\" style=\"background-color:#44bdf7\"><\/span><span class=\"ubtn-data ubtn-text \" >Saber Mais<\/span><\/button><\/a><\/div>[\/vc_column][\/vc_row][vc_row gap=&#8221;35&#8243; css=&#8221;.vc_custom_1538140816811{margin-top: 80px !important;padding-right: 100px !important;padding-left: 100px !important;}&#8221;][vc_column width=&#8221;1\/3&#8243;]<div class=\"ult-just-icon-wrapper  \"><div class=\"align-icon\" style=\"text-align:center;\">\n<div class=\"aio-icon none \"  style=\"color:#002a42;font-size:25px;display:inline-block;\">\n\t<i class=\"icomoon-icomoonfree-16x16-target\"><\/i>\n<\/div><\/div><\/div><div id=\"ultimate-heading-182469f9aecf96928\" class=\"uvc-heading ult-adjust-bottom-margin ultimate-heading-182469f9aecf96928 uvc-872 \" data-hspacer=\"line_only\"  data-halign=\"center\" style=\"text-align:center\"><div class=\"uvc-main-heading ult-responsive\"  data-ultimate-target='.uvc-heading.ultimate-heading-182469f9aecf96928 h2'  data-responsive-json-new='{\"font-size\":\"desktop:22px;\",\"line-height\":\"desktop:32px;\"}' ><h2 style=\"font-weight:normal;margin-bottom:12px;\">Miss\u00e3o<\/h2><\/div><div class=\"uvc-heading-spacer line_only\" style=\"margin-bottom:15px;height:2px;\"><span class=\"uvc-headings-line\" style=\"border-style:solid;border-bottom-width:2px;border-color:#ccc;width:40px;\"><\/span><\/div><\/div>[vc_column_text]<\/p>\n<p style=\"text-align: center;\"><span style=\"color: #333333;\">Prestar um servi\u00e7o personalizado e com elevada qualidade.<\/span><\/p>\n<p>[\/vc_column_text][\/vc_column][vc_column width=&#8221;1\/3&#8243;]<div class=\"ult-just-icon-wrapper  \"><div class=\"align-icon\" style=\"text-align:center;\">\n<div class=\"aio-icon none \"  style=\"color:#002a42;font-size:25px;display:inline-block;\">\n\t<i class=\"Defaults-eye\"><\/i>\n<\/div><\/div><\/div><div id=\"ultimate-heading-614869f9aecf969dc\" class=\"uvc-heading ult-adjust-bottom-margin ultimate-heading-614869f9aecf969dc uvc-4546 \" data-hspacer=\"line_only\"  data-halign=\"center\" style=\"text-align:center\"><div class=\"uvc-main-heading ult-responsive\"  data-ultimate-target='.uvc-heading.ultimate-heading-614869f9aecf969dc h2'  data-responsive-json-new='{\"font-size\":\"desktop:22px;\",\"line-height\":\"desktop:32px;\"}' ><h2 style=\"font-weight:normal;margin-bottom:12px;\">Vis\u00e3o<\/h2><\/div><div class=\"uvc-heading-spacer line_only\" style=\"margin-bottom:15px;height:2px;\"><span class=\"uvc-headings-line\" style=\"border-style:solid;border-bottom-width:2px;border-color:#ccc;width:40px;\"><\/span><\/div><\/div>[vc_column_text]<\/p>\n<p style=\"text-align: center;\"><span style=\"color: #333333;\">Ser reconhecida como PME L\u00edder na parceria com os Clientes.<\/span><\/p>\n<p>[\/vc_column_text][\/vc_column][vc_column width=&#8221;1\/3&#8243;]<div class=\"ult-just-icon-wrapper  \"><div class=\"align-icon\" style=\"text-align:center;\">\n<div class=\"aio-icon none \"  style=\"color:#002a42;font-size:25px;display:inline-block;\">\n\t<i class=\"Defaults-star-o\"><\/i>\n<\/div><\/div><\/div><div id=\"ultimate-heading-958169f9aecf96a70\" class=\"uvc-heading ult-adjust-bottom-margin ultimate-heading-958169f9aecf96a70 uvc-9964 \" data-hspacer=\"line_only\"  data-halign=\"center\" style=\"text-align:center\"><div class=\"uvc-main-heading ult-responsive\"  data-ultimate-target='.uvc-heading.ultimate-heading-958169f9aecf96a70 h2'  data-responsive-json-new='{\"font-size\":\"desktop:22px;\",\"line-height\":\"desktop:32px;\"}' ><h2 style=\"font-weight:normal;margin-bottom:12px;\">Valores<\/h2><\/div><div class=\"uvc-heading-spacer line_only\" style=\"margin-bottom:15px;height:2px;\"><span class=\"uvc-headings-line\" style=\"border-style:solid;border-bottom-width:2px;border-color:#ccc;width:40px;\"><\/span><\/div><\/div>[vc_column_text]<\/p>\n<p style=\"text-align: center;\"><span style=\"color: #333333;\">Mantemo-nos sempre atentos ao que \u00e9 essencial no desempenho da nossa profiss\u00e3o.<\/span><\/p>\n<p>[\/vc_column_text][\/vc_column][\/vc_row][vc_row full_width=&#8221;stretch_row&#8221;][vc_column]<div class=\" vc_custom_1538996285213 ubtn-ctn-center \"><a class=\"ubtn-link ult-adjust-bottom-margin ubtn-center ubtn-small \" href=\"http:\/\/jcamilo-sroc.pt\/jc-sroc\/quem-somos\/\" ><button type=\"button\" id=\"ubtn-6812\"  class=\"ubtn ult-adjust-bottom-margin ult-responsive ubtn-small ubtn-fade-bg  none  ubtn-center   tooltip-69f9aecf96abd\"  data-hover=\"#ffffff\" data-border-color=\"#002a42\" data-bg=\"\" data-hover-bg=\"#002a42\" data-border-hover=\"\" data-shadow-hover=\"\" data-shadow-click=\"none\" data-shadow=\"\" data-shd-shadow=\"\"  data-ultimate-target='#ubtn-6812'  data-responsive-json-new='{\"font-size\":\"desktop:16px;\",\"line-height\":\"\"}'  style=\"font-family:&#039;Roboto&#039;;font-weight:normal;border-radius:0px;border-width:1px;border-color:#002a42;border-style:solid;color: #002a42;\"><span class=\"ubtn-hover\" style=\"background-color:#002a42\"><\/span><span class=\"ubtn-data ubtn-text \" >Saber Mais<\/span><\/button><\/a><\/div>[\/vc_column][\/vc_row][vc_row full_width=&#8221;stretch_row&#8221; css=&#8221;.vc_custom_1538994081502{margin-top: 50px !important;background-color: #dfe5e9 !important;}&#8221;][vc_column]<div id=\"ultimate-heading-918969f9aecf96b30\" class=\"uvc-heading ult-adjust-bottom-margin ultimate-heading-918969f9aecf96b30 uvc-337 \" data-hspacer=\"no_spacer\"  data-halign=\"center\" style=\"text-align:center\"><div class=\"uvc-heading-spacer no_spacer\" style=\"top\"><\/div><div class=\"uvc-main-heading ult-responsive\"  data-ultimate-target='.uvc-heading.ultimate-heading-918969f9aecf96b30 h2'  data-responsive-json-new='{\"font-size\":\"desktop:26px;\",\"line-height\":\"desktop:36px;\"}' ><h2 style=\"font-weight:normal;color:#002a42;margin-bottom:10px;\">Parcerias<\/h2><\/div><\/div>[vc_column_text]<\/p>\n<p style=\"text-align: center;\"><span style=\"color: #333333;\">A nossa sociedade, salvaguardando a total independ\u00eancia, representa em Portugal<\/span><\/p>\n<p style=\"text-align: center;\"><span style=\"color: #333333;\">a organiza\u00e7\u00e3o internacional de Sociedades de Auditoria e Contabilidade IEC net.<\/span><\/p>\n<p style=\"text-align: center;\"><span style=\"color: #333333;\">O IEC net tem sede em Paris e tem representa\u00e7\u00e3o em mais de 60 pa\u00edses. <\/span><\/p>\n<p>[\/vc_column_text]<div class=\" vc_custom_1539336130826 ubtn-ctn-center \"><a class=\"ubtn-link ult-adjust-bottom-margin ubtn-center ubtn-small \" href=\"http:\/\/jcamilo-sroc.pt\/parcerias\/\" ><button type=\"button\" id=\"ubtn-1285\"  class=\"ubtn ult-adjust-bottom-margin ult-responsive ubtn-small ubtn-fade-bg  none  ubtn-center   tooltip-69f9aecf96b7d\"  data-hover=\"#002a42\" data-border-color=\"#dfe5e9\" data-bg=\"#002a42\" data-hover-bg=\"#dfe5e9\" data-border-hover=\"#002a42\" data-shadow-hover=\"\" data-shadow-click=\"none\" data-shadow=\"\" data-shd-shadow=\"\"  data-ultimate-target='#ubtn-1285'  data-responsive-json-new='{\"font-size\":\"desktop:16px;\",\"line-height\":\"\"}'  style=\"font-family:&#039;Roboto&#039;;font-weight:normal;border-radius:0px;border-width:1px;border-color:#dfe5e9;border-style:solid;background: #002a42;color: #ffffff;\"><span class=\"ubtn-hover\" style=\"background-color:#dfe5e9\"><\/span><span class=\"ubtn-data ubtn-text \" >Saber Mais<\/span><\/button><\/a><\/div>[\/vc_column][\/vc_row][vc_row full_width=&#8221;stretch_row&#8221; gap=&#8221;30&#8243; equal_height=&#8221;yes&#8221; css=&#8221;.vc_custom_1538994201752{margin-top: 0px !important;margin-bottom: 0px !important;padding-top: 10px !important;padding-bottom: 10px !important;}&#8221;][vc_column]<div id=\"ultimate-heading-493669f9aecf96bf1\" class=\"uvc-heading ult-adjust-bottom-margin ultimate-heading-493669f9aecf96bf1 uvc-9157 \" data-hspacer=\"line_only\"  data-halign=\"center\" style=\"text-align:center\"><div class=\"uvc-main-heading ult-responsive\"  data-ultimate-target='.uvc-heading.ultimate-heading-493669f9aecf96bf1 h2'  data-responsive-json-new='{\"font-size\":\"desktop:26px;\",\"line-height\":\"desktop:36px;\"}' ><h2 style=\"font-weight:normal;color:#002a42;margin-bottom:10px;\">Servi\u00e7os<\/h2><\/div><div class=\"uvc-heading-spacer line_only\" style=\"topheight:2px;\"><span class=\"uvc-headings-line\" style=\"border-style:solid;border-bottom-width:2px;border-color:#ccc;width:70px;\"><\/span><\/div><\/div>[\/vc_column][\/vc_row][vc_row full_width=&#8221;stretch_row_content_no_spaces&#8221; equal_height=&#8221;yes&#8221; content_placement=&#8221;middle&#8221; css_animation=&#8221;fadeInDown&#8221; css=&#8221;.vc_custom_1538994030270{margin-top: 0px !important;margin-right: 0px !important;margin-bottom: 0px !important;margin-left: 0px !important;padding-top: 0px !important;padding-right: 0px !important;padding-bottom: 0px !important;padding-left: 0px !important;}&#8221;][vc_column width=&#8221;1\/3&#8243;]<div class=\"ult-new-ib ult-ib-effect-style6  ult-ib-resp ult-ib2-min-height \" data-min-width=\"768\" data-max-width=\"900\" style=\" opacity:0; \" data-opacity=\"1\" data-hover-opacity=\"0.4\"  data-min-height=\"450\" ><img decoding=\"async\" class=\"ult-new-ib-img\" style=\"opacity:1;\" alt=\"null\" src=\"https:\/\/jcamilo-sroc.pt\/wp-content\/uploads\/2018\/10\/home_fundo_banner1-1.jpg\"  data-min-height=\"450\"   \/><div id=\"interactive-banner-wrap-3157\" class=\"ult-new-ib-desc\" style=\"\"><h1 class=\"ult-new-ib-title ult-responsive\"  data-ultimate-target='#interactive-banner-wrap-3157 .ult-new-ib-title'  data-responsive-json-new='{\"font-size\":\"desktop:30px;\",\"line-height\":\"desktop:40px;\"}'  style=\"font-family:&#039;Lato&#039;;font-weight:700;\">AUDITORIA<\/h1><div class=\"ult-new-ib-content ult-responsive\"  data-ultimate-target='#interactive-banner-wrap-3157 .ult-new-ib-content'  data-responsive-json-new='{\"font-size\":\"desktop:16px;\",\"line-height\":\"\"}'  style=\"font-family:&#039;Lato&#039;;font-weight:normal;\"><p>Revis\u00e3o legal de contas, Auditoria \u00e0s contas, Auditorias a Grupos de Sociedades e a Contas Consolidadas, Auditoria a Fundos de Investimento, Auditoria a Institui\u00e7\u00f5es Financeira\u2026<\/p><\/div><\/div><a class=\"ult-new-ib-link\" href=\"http:\/\/jcamilo-sroc.pt\/servicos\/\"  ><\/a><\/div><script type=\"text\/javascript\">\n\t\t\t(function($){\n\t\t\t\t$(document).ready(function(){\n\t\t\t\t\t$(\".ult-new-ib\").css(\"opacity\",\"1\");\n\t\t\t\t});\n\t\t\t})(jQuery);\n\t\t\t<\/script>[\/vc_column][vc_column width=&#8221;1\/3&#8243;]<div class=\"ult-new-ib ult-ib-effect-style6  ult-ib-resp ult-ib2-min-height \" data-min-width=\"768\" data-max-width=\"900\" style=\" opacity:0; \" data-opacity=\"1\" data-hover-opacity=\"0.4\"  data-min-height=\"450\" ><img decoding=\"async\" class=\"ult-new-ib-img\" style=\"opacity:1;\" alt=\"null\" src=\"https:\/\/jcamilo-sroc.pt\/wp-content\/uploads\/2018\/10\/home_fundo_banner3.jpg\"  data-min-height=\"450\"   \/><div id=\"interactive-banner-wrap-5037\" class=\"ult-new-ib-desc\" style=\"\"><h1 class=\"ult-new-ib-title ult-responsive\"  data-ultimate-target='#interactive-banner-wrap-5037 .ult-new-ib-title'  data-responsive-json-new='{\"font-size\":\"desktop:30px;\",\"line-height\":\"desktop:40px;\"}'  style=\"font-family:&#039;Lato&#039;;font-weight:700;\">TAX<\/h1><div class=\"ult-new-ib-content ult-responsive\"  data-ultimate-target='#interactive-banner-wrap-5037 .ult-new-ib-content'  data-responsive-json-new='{\"font-size\":\"desktop:16px;\",\"line-height\":\"\"}'  style=\"font-family:&#039;Lato&#039;;font-weight:normal;\"><p>Consultoria fiscal na \u00f3tica de planeamento e compliance fiscal...<\/p><\/div><\/div><a class=\"ult-new-ib-link\" href=\"http:\/\/jcamilo-sroc.pt\/servicos\/\"  ><\/a><\/div><script type=\"text\/javascript\">\n\t\t\t(function($){\n\t\t\t\t$(document).ready(function(){\n\t\t\t\t\t$(\".ult-new-ib\").css(\"opacity\",\"1\");\n\t\t\t\t});\n\t\t\t})(jQuery);\n\t\t\t<\/script>[\/vc_column][vc_column width=&#8221;1\/3&#8243;]<div class=\"ult-new-ib ult-ib-effect-style6  ult-ib-resp ult-ib2-min-height \" data-min-width=\"768\" data-max-width=\"900\" style=\" opacity:0; \" data-opacity=\"1\" data-hover-opacity=\"0.4\"  data-min-height=\"450\" ><img decoding=\"async\" class=\"ult-new-ib-img\" style=\"opacity:1;\" alt=\"null\" src=\"https:\/\/jcamilo-sroc.pt\/wp-content\/uploads\/2018\/10\/home_fundo_banner4.jpg\"  data-min-height=\"450\"   \/><div id=\"interactive-banner-wrap-5964\" class=\"ult-new-ib-desc\" style=\"\"><h1 class=\"ult-new-ib-title ult-responsive\"  data-ultimate-target='#interactive-banner-wrap-5964 .ult-new-ib-title'  data-responsive-json-new='{\"font-size\":\"desktop:30px;\",\"line-height\":\"desktop:40px;\"}'  style=\"font-family:&#039;Lato&#039;;font-weight:700;\">CONSULTORIA<\/h1><div class=\"ult-new-ib-content ult-responsive\"  data-ultimate-target='#interactive-banner-wrap-5964 .ult-new-ib-content'  data-responsive-json-new='{\"font-size\":\"desktop:16px;\",\"line-height\":\"\"}'  style=\"font-family:&#039;Lato&#039;;font-weight:normal;\"><p>Avalia\u00e7\u00e3o e Montagem de Sistemas de Controlo Interno, Avalia\u00e7\u00e3o de Empresas...<\/p><\/div><\/div><a class=\"ult-new-ib-link\" href=\"http:\/\/jcamilo-sroc.pt\/servicos\/\"  ><\/a><\/div><script type=\"text\/javascript\">\n\t\t\t(function($){\n\t\t\t\t$(document).ready(function(){\n\t\t\t\t\t$(\".ult-new-ib\").css(\"opacity\",\"1\");\n\t\t\t\t});\n\t\t\t})(jQuery);\n\t\t\t<\/script>[\/vc_column][\/vc_row]<\/p>\n","protected":false},"excerpt":{"rendered":"<p>[vc_row disable_element=&#8221;yes&#8221; css=&#8221;.vc_custom_1537866912044{margin-top: 80px !important;margin-bottom: 80px !important;}&#8221;][vc_column][vc_row_inner][vc_column_inner width=&#8221;1\/6&#8243;][\/vc_column_inner][vc_column_inner width=&#8221;4\/6&#8243;][vc_column_text] A JCAMILO &amp; ASSOCIADOS SROC \u00e9 uma empresa de auditoria financeira que iniciou actividade em 1997. Atualmente conta com 5 s\u00f3cios e com uma equipa de cerca de 11 colaboradores. Com sede em Lisboa e um escrit\u00f3rio no Porto. [\/vc_column_text][\/vc_column_inner][vc_column_inner width=&#8221;1\/6&#8243;][\/vc_column_inner][\/vc_row_inner][\/vc_column][\/vc_row][vc_row gap=&#8221;35&#8243; css=&#8221;.vc_custom_1538140816811{margin-top: 80px !important;padding-right: 100px&hellip;<\/p>\n","protected":false},"author":2,"featured_media":0,"parent":0,"menu_order":0,"comment_status":"closed","ping_status":"closed","template":"","meta":{"footnotes":""},"class_list":["post-592","page","type-page","status-publish","hentry","description-off"],"_links":{"self":[{"href":"https:\/\/jcamilo-sroc.pt\/pt-pt\/wp-json\/wp\/v2\/pages\/592","targetHints":{"allow":["GET"]}}],"collection":[{"href":"https:\/\/jcamilo-sroc.pt\/pt-pt\/wp-json\/wp\/v2\/pages"}],"about":[{"href":"https:\/\/jcamilo-sroc.pt\/pt-pt\/wp-json\/wp\/v2\/types\/page"}],"author":[{"embeddable":true,"href":"https:\/\/jcamilo-sroc.pt\/pt-pt\/wp-json\/wp\/v2\/users\/2"}],"replies":[{"embeddable":true,"href":"https:\/\/jcamilo-sroc.pt\/pt-pt\/wp-json\/wp\/v2\/comments?post=592"}],"version-history":[{"count":155,"href":"https:\/\/jcamilo-sroc.pt\/pt-pt\/wp-json\/wp\/v2\/pages\/592\/revisions"}],"predecessor-version":[{"id":3160,"href":"https:\/\/jcamilo-sroc.pt\/pt-pt\/wp-json\/wp\/v2\/pages\/592\/revisions\/3160"}],"wp:attachment":[{"href":"https:\/\/jcamilo-sroc.pt\/pt-pt\/wp-json\/wp\/v2\/media?parent=592"}],"curies":[{"name":"wp","href":"https:\/\/api.w.org\/{rel}","templated":true}]}}