{"id":7,"date":"2014-03-18T10:03:13","date_gmt":"2014-03-18T10:03:13","guid":{"rendered":"http:\/\/the7.dream-demo.com\/business\/?page_id=7"},"modified":"2018-10-30T14:35:03","modified_gmt":"2018-10-30T14:35:03","slug":"servicos","status":"publish","type":"page","link":"https:\/\/jcamilo-sroc.pt\/pt-pt\/servicos\/","title":{"rendered":"Servi\u00e7os"},"content":{"rendered":"<p>[vc_row full_width=&#8221;stretch_row&#8221; bg_type=&#8221;image&#8221; parallax_style=&#8221;vcpb-vz-jquery&#8221; bg_image_new=&#8221;id^2799|url^http:\/\/jcamilo-sroc.pt\/wp-content\/uploads\/2018\/10\/fundo_topo-1.jpg|caption^null|alt^null|title^fundo_topo|description^null&#8221; bg_image_repeat=&#8221;no-repeat&#8221; bg_override=&#8221;ex-full&#8221; type=&#8221;vc_default&#8221; margin_top=&#8221;-50&#8243; css=&#8221;.vc_custom_1539339931071{background-color: #0b5482 !important;}&#8221; el_id=&#8221;rowTop&#8221;][vc_column offset=&#8221;vc_col-lg-12 vc_col-md-12&#8243; css=&#8221;.vc_custom_1526058643829{padding-top: 100px !important;padding-bottom: 20px !important;}&#8221;][\/vc_column][\/vc_row][vc_row css=&#8221;.vc_custom_1539340031566{margin-top: 50px !important;}&#8221;][vc_column]<div id=\"ultimate-heading-396769f9bd76b89d0\" class=\"uvc-heading ult-adjust-bottom-margin ultimate-heading-396769f9bd76b89d0 uvc-8446 \" data-hspacer=\"line_only\"  data-halign=\"left\" style=\"text-align:left\"><div class=\"uvc-main-heading ult-responsive\"  data-ultimate-target='.uvc-heading.ultimate-heading-396769f9bd76b89d0 h2'  data-responsive-json-new='{\"font-size\":\"desktop:26px;\",\"line-height\":\"desktop:36px;\"}' ><h2 style=\"font-weight:normal;margin-bottom:10px;\">Servi\u00e7os<\/h2><\/div><div class=\"uvc-heading-spacer line_only\" style=\"margin-bottom:50px;height:3px;\"><span class=\"uvc-headings-line\" style=\"border-style:solid;border-bottom-width:3px;border-color:#999999;width:70px;\"><\/span><\/div><\/div>[\/vc_column][\/vc_row][vc_row full_width=&#8221;stretch_row&#8221; content_placement=&#8221;middle&#8221; type=&#8221;vc_default&#8221; css=&#8221;.vc_custom_1540910077315{padding-top: 20px !important;padding-bottom: 20px !important;background-color: #e0e5e9 !important;}&#8221;][vc_column width=&#8221;1\/2&#8243; css=&#8221;.vc_custom_1540910136902{margin-top: 0px !important;margin-right: 0px !important;margin-bottom: 0px !important;margin-left: 0px !important;padding-top: 0px !important;padding-right: 0px !important;padding-bottom: 0px !important;padding-left: 10px !important;}&#8221;]<div id=\"ultimate-heading-655669f9bd76b8a42\" class=\"uvc-heading ult-adjust-bottom-margin ultimate-heading-655669f9bd76b8a42 uvc-8561 \" data-hspacer=\"no_spacer\"  data-halign=\"left\" style=\"text-align:left\"><div class=\"uvc-heading-spacer no_spacer\" style=\"top\"><\/div><div class=\"uvc-main-heading ult-responsive\"  data-ultimate-target='.uvc-heading.ultimate-heading-655669f9bd76b8a42 h2'  data-responsive-json-new='{\"font-size\":\"desktop:26px;\",\"line-height\":\"desktop:36px;\"}' ><h2 style=\"font-weight:normal;margin-bottom:10px;\">Auditoria<\/h2><\/div><\/div>[vc_column_text]<\/p>\n<ul>\n<li>Revis\u00e3o legal de contas<\/li>\n<li>Auditoria \u00e0s contas<\/li>\n<li>Auditorias a Grupos de Sociedades e a Contas Consolidadas<\/li>\n<li>Auditoria a Fundos de Investimento<\/li>\n<li>Auditoria a Institui\u00e7\u00f5es Financeira<\/li>\n<li>Revis\u00e3o Limitada \u00e0s Demonstra\u00e7\u00f5es Financeiras<\/li>\n<li>Preven\u00e7\u00e3o do Branqueamento e Elementos de Seguran\u00e7a nas Notas Compliance<\/li>\n<li>Due Dilligence contabil\u00edsticas, fiscais e financeiras<\/li>\n<li>Auditoria a projetos<\/li>\n<li>Verifica\u00e7\u00e3o dos pedidos de pagamento de incentivos<\/li>\n<li>Certifica\u00e7\u00e3o de despesas no \u00e2mbito de financiamentos comunit\u00e1rios<\/li>\n<li>Outros servi\u00e7os de Interesse P\u00fablico<\/li>\n<\/ul>\n<p>[\/vc_column_text][\/vc_column][vc_column width=&#8221;1\/2&#8243; css=&#8221;.vc_custom_1539342083575{margin: 0px !important;padding: 0px !important;}&#8221;]<style type=\"text\/css\" data-type=\"the7_shortcodes-inline-css\">.shortcode-single-image-wrap.shortcode-single-image-b83d64a2ef5ec6a1e0bed99c3fcf2b9d.enable-bg-rollover .rollover i,\n.shortcode-single-image-wrap.shortcode-single-image-b83d64a2ef5ec6a1e0bed99c3fcf2b9d.enable-bg-rollover .rollover-video i {\n  background: ;\n  background: -webkit-linear-gradient();\n  background: linear-gradient();\n}\n.shortcode-single-image-wrap.shortcode-single-image-b83d64a2ef5ec6a1e0bed99c3fcf2b9d .rollover-icon {\n  font-size: 32px;\n  color: #ffffff;\n  min-width: 44px;\n  min-height: 44px;\n  line-height: 44px;\n  border-radius: 100px;\n  border-style: solid;\n  border-width: 0px;\n}\n.dt-icon-bg-on.shortcode-single-image-wrap.shortcode-single-image-b83d64a2ef5ec6a1e0bed99c3fcf2b9d .rollover-icon {\n  background: rgba(255,255,255,0.3);\n  -webkit-box-shadow: none;\n  box-shadow: none;\n}<\/style><div class=\"shortcode-single-image-wrap shortcode-single-image-b83d64a2ef5ec6a1e0bed99c3fcf2b9d alignnone  vc_custom_1539342110738 enable-bg-rollover dt-icon-bg-off\" ><div class=\"shortcode-single-image\"><div class=\"fancy-media-wrap  layzr-bg\" style=\"\"><img fetchpriority=\"high\" decoding=\"async\" class=\"preload-me lazy-load aspect\" src=\"data:image\/svg+xml,%3Csvg%20xmlns%3D&#39;http%3A%2F%2Fwww.w3.org%2F2000%2Fsvg&#39;%20viewBox%3D&#39;0%200%20750%20500&#39;%2F%3E\" data-src=\"https:\/\/jcamilo-sroc.pt\/wp-content\/uploads\/2018\/10\/home_fundo_banner1-1-750x500.jpg\" data-srcset=\"https:\/\/jcamilo-sroc.pt\/wp-content\/uploads\/2018\/10\/home_fundo_banner1-1-750x500.jpg 750w\" loading=\"eager\" sizes=\"(max-width: 750px) 100vw, 750px\" width=\"750\" height=\"500\"  data-dt-location=\"https:\/\/jcamilo-sroc.pt\/pt-pt\/home\/home_fundo_banner1-2\/\" style=\"--ratio: 750 \/ 500;\" alt=\"\" \/><\/div><\/div><\/div>[\/vc_column][\/vc_row][vc_row content_placement=&#8221;middle&#8221; type=&#8221;vc_default&#8221; css=&#8221;.vc_custom_1539610725810{padding-top: 70px !important;padding-bottom: 20px !important;}&#8221;][vc_column width=&#8221;1\/2&#8243; css=&#8221;.vc_custom_1490278901277{padding-bottom: 50px !important;}&#8221;]<style type=\"text\/css\" data-type=\"the7_shortcodes-inline-css\">.shortcode-single-image-wrap.shortcode-single-image-d0029166d47582f2e0e57e945841e0bf.enable-bg-rollover .rollover i,\n.shortcode-single-image-wrap.shortcode-single-image-d0029166d47582f2e0e57e945841e0bf.enable-bg-rollover .rollover-video i {\n  background: ;\n  background: -webkit-linear-gradient();\n  background: linear-gradient();\n}\n.shortcode-single-image-wrap.shortcode-single-image-d0029166d47582f2e0e57e945841e0bf .rollover-icon {\n  font-size: 32px;\n  color: #ffffff;\n  min-width: 44px;\n  min-height: 44px;\n  line-height: 44px;\n  border-radius: 100px;\n  border-style: solid;\n  border-width: 0px;\n}\n.dt-icon-bg-on.shortcode-single-image-wrap.shortcode-single-image-d0029166d47582f2e0e57e945841e0bf .rollover-icon {\n  background: rgba(255,255,255,0.3);\n  -webkit-box-shadow: none;\n  box-shadow: none;\n}<\/style><div class=\"shortcode-single-image-wrap shortcode-single-image-d0029166d47582f2e0e57e945841e0bf alignnone  enable-bg-rollover dt-icon-bg-off\" style=\"margin-top:0px; margin-bottom:0px; margin-left:0px; margin-right:0px; width:1280px;\"><div class=\"shortcode-single-image\"><div class=\"fancy-media-wrap  layzr-bg\" style=\"\"><img decoding=\"async\" class=\"preload-me lazy-load aspect\" src=\"data:image\/svg+xml,%3Csvg%20xmlns%3D&#39;http%3A%2F%2Fwww.w3.org%2F2000%2Fsvg&#39;%20viewBox%3D&#39;0%200%20750%20500&#39;%2F%3E\" data-src=\"https:\/\/jcamilo-sroc.pt\/wp-content\/uploads\/2018\/10\/home_fundo_banner3-750x500.jpg\" data-srcset=\"https:\/\/jcamilo-sroc.pt\/wp-content\/uploads\/2018\/10\/home_fundo_banner3-750x500.jpg 750w\" loading=\"eager\" sizes=\"(max-width: 750px) 100vw, 750px\" width=\"750\" height=\"500\"  data-dt-location=\"https:\/\/jcamilo-sroc.pt\/pt-pt\/home\/home_fundo_banner3\/\" style=\"--ratio: 750 \/ 500;\" alt=\"\" \/><\/div><\/div><\/div>[\/vc_column][vc_column width=&#8221;1\/2&#8243; css=&#8221;.vc_custom_1490278896841{padding-bottom: 50px !important;}&#8221;]<div id=\"ultimate-heading-782069f9bd76bbbba\" class=\"uvc-heading ult-adjust-bottom-margin ultimate-heading-782069f9bd76bbbba uvc-4296 \" data-hspacer=\"no_spacer\"  data-halign=\"left\" style=\"text-align:left\"><div class=\"uvc-heading-spacer no_spacer\" style=\"top\"><\/div><div class=\"uvc-main-heading ult-responsive\"  data-ultimate-target='.uvc-heading.ultimate-heading-782069f9bd76bbbba h2'  data-responsive-json-new='{\"font-size\":\"desktop:26px;\",\"line-height\":\"desktop:36px;\"}' ><h2 style=\"font-weight:normal;margin-bottom:10px;\">Tax<\/h2><\/div><\/div>[vc_column_text]Consultoria \u00a0fiscal \u00a0na \u00a0\u00f3tica \u00a0de \u00a0planeamento \u00a0e \u00a0compliance \u00a0fiscal \u00a0\u2013 \u00a0nacional Internacional<\/p>\n<p>Apoio em reestrutura\u00e7\u00f5es empresariais:<\/p>\n<ul>\n<li>Fus\u00f5es<\/li>\n<li>Cis\u00f5es<\/li>\n<li>Transforma\u00e7\u00e3o de sociedades<\/li>\n<li>Liquida\u00e7\u00e3o de sociedades<\/li>\n<li>Entradas em esp\u00e9cie para realiza\u00e7\u00e3o de capital<\/li>\n<li>Aumentos ou redu\u00e7\u00f5es de capital<\/li>\n<li>Permutas de partes sociais<\/li>\n<li>Recupera\u00e7\u00e3o do IVA de Cr\u00e9ditos Incobr\u00e1veis<\/li>\n<\/ul>\n<p>Apoio na elabora\u00e7\u00e3o de reclama\u00e7\u00f5es, recursos hier\u00e1rquicos e impugna\u00e7\u00f5es na \u00f3tica do contencioso fiscal e tribut\u00e1rio[\/vc_column_text][\/vc_column][\/vc_row][vc_row full_width=&#8221;stretch_row&#8221; content_placement=&#8221;middle&#8221; type=&#8221;vc_default&#8221; css=&#8221;.vc_custom_1539610762109{background-color: #e0e5e9 !important;}&#8221;][vc_column width=&#8221;1\/2&#8243; css=&#8221;.vc_custom_1539610817475{margin: 0px !important;padding: 0px !important;}&#8221;]<div id=\"ultimate-heading-627469f9bd76bbc1e\" class=\"uvc-heading ult-adjust-bottom-margin ultimate-heading-627469f9bd76bbc1e uvc-9168 \" data-hspacer=\"no_spacer\"  data-halign=\"left\" style=\"text-align:left\"><div class=\"uvc-heading-spacer no_spacer\" style=\"top\"><\/div><div class=\"uvc-main-heading ult-responsive\"  data-ultimate-target='.uvc-heading.ultimate-heading-627469f9bd76bbc1e h2'  data-responsive-json-new='{\"font-size\":\"desktop:26px;\",\"line-height\":\"desktop:36px;\"}' ><h2 style=\"font-weight:normal;margin-bottom:10px;\">Consultoria<\/h2><\/div><\/div>[vc_column_text]<\/p>\n<ul>\n<li>Avalia\u00e7\u00e3o e Montagem de Sistemas de Controlo Interno<\/li>\n<li>Avalia\u00e7\u00e3o de Empresas<\/li>\n<li>Estudos de viabilidade econ\u00f3mica e financeira<\/li>\n<li>Processo Especial de Revitaliza\u00e7\u00e3o (PER)<\/li>\n<\/ul>\n<p>[\/vc_column_text][\/vc_column][vc_column width=&#8221;1\/2&#8243; css=&#8221;.vc_custom_1539610826348{margin: 0px !important;padding: 0px !important;}&#8221;]<style type=\"text\/css\" data-type=\"the7_shortcodes-inline-css\">.shortcode-single-image-wrap.shortcode-single-image-20f7e82e95ff56fff5280dfa9e3f9a7b.enable-bg-rollover .rollover i,\n.shortcode-single-image-wrap.shortcode-single-image-20f7e82e95ff56fff5280dfa9e3f9a7b.enable-bg-rollover .rollover-video i {\n  background: ;\n  background: -webkit-linear-gradient();\n  background: linear-gradient();\n}\n.shortcode-single-image-wrap.shortcode-single-image-20f7e82e95ff56fff5280dfa9e3f9a7b .rollover-icon {\n  font-size: 32px;\n  color: #ffffff;\n  min-width: 44px;\n  min-height: 44px;\n  line-height: 44px;\n  border-radius: 100px;\n  border-style: solid;\n  border-width: 0px;\n}\n.dt-icon-bg-on.shortcode-single-image-wrap.shortcode-single-image-20f7e82e95ff56fff5280dfa9e3f9a7b .rollover-icon {\n  background: rgba(255,255,255,0.3);\n  -webkit-box-shadow: none;\n  box-shadow: none;\n}<\/style><div class=\"shortcode-single-image-wrap shortcode-single-image-20f7e82e95ff56fff5280dfa9e3f9a7b alignnone  vc_custom_1539610807510 enable-bg-rollover dt-icon-bg-off\" ><div class=\"shortcode-single-image\"><div class=\"fancy-media-wrap  layzr-bg\" style=\"\"><img decoding=\"async\" class=\"preload-me lazy-load aspect\" src=\"data:image\/svg+xml,%3Csvg%20xmlns%3D&#39;http%3A%2F%2Fwww.w3.org%2F2000%2Fsvg&#39;%20viewBox%3D&#39;0%200%20750%20500&#39;%2F%3E\" data-src=\"https:\/\/jcamilo-sroc.pt\/wp-content\/uploads\/2018\/10\/home_fundo_banner4-750x500.jpg\" data-srcset=\"https:\/\/jcamilo-sroc.pt\/wp-content\/uploads\/2018\/10\/home_fundo_banner4-750x500.jpg 750w\" loading=\"eager\" sizes=\"(max-width: 750px) 100vw, 750px\" width=\"750\" height=\"500\"  data-dt-location=\"https:\/\/jcamilo-sroc.pt\/pt-pt\/home\/home_fundo_banner4\/\" style=\"--ratio: 750 \/ 500;\" alt=\"\" \/><\/div><\/div><\/div>[\/vc_column][\/vc_row]<\/p>\n","protected":false},"excerpt":{"rendered":"<p>[vc_row full_width=&#8221;stretch_row&#8221; bg_type=&#8221;image&#8221; parallax_style=&#8221;vcpb-vz-jquery&#8221; bg_image_new=&#8221;id^2799|url^http:\/\/jcamilo-sroc.pt\/wp-content\/uploads\/2018\/10\/fundo_topo-1.jpg|caption^null|alt^null|title^fundo_topo|description^null&#8221; bg_image_repeat=&#8221;no-repeat&#8221; bg_override=&#8221;ex-full&#8221; type=&#8221;vc_default&#8221; margin_top=&#8221;-50&#8243; css=&#8221;.vc_custom_1539339931071{background-color: #0b5482 !important;}&#8221; el_id=&#8221;rowTop&#8221;][vc_column offset=&#8221;vc_col-lg-12 vc_col-md-12&#8243; css=&#8221;.vc_custom_1526058643829{padding-top: 100px !important;padding-bottom: 20px !important;}&#8221;][\/vc_column][\/vc_row][vc_row css=&#8221;.vc_custom_1539340031566{margin-top: 50px !important;}&#8221;][vc_column][\/vc_column][\/vc_row][vc_row full_width=&#8221;stretch_row&#8221; content_placement=&#8221;middle&#8221; type=&#8221;vc_default&#8221; css=&#8221;.vc_custom_1540910077315{padding-top: 20px !important;padding-bottom: 20px !important;background-color: #e0e5e9 !important;}&#8221;][vc_column width=&#8221;1\/2&#8243; css=&#8221;.vc_custom_1540910136902{margin-top: 0px !important;margin-right: 0px !important;margin-bottom: 0px !important;margin-left: 0px !important;padding-top: 0px !important;padding-right: 0px !important;padding-bottom: 0px !important;padding-left: 10px !important;}&#8221;][vc_column_text] Revis\u00e3o legal de contas&hellip;<\/p>\n","protected":false},"author":2,"featured_media":0,"parent":0,"menu_order":20,"comment_status":"closed","ping_status":"closed","template":"","meta":{"footnotes":""},"class_list":["post-7","page","type-page","status-publish","hentry","description-off"],"_links":{"self":[{"href":"https:\/\/jcamilo-sroc.pt\/pt-pt\/wp-json\/wp\/v2\/pages\/7","targetHints":{"allow":["GET"]}}],"collection":[{"href":"https:\/\/jcamilo-sroc.pt\/pt-pt\/wp-json\/wp\/v2\/pages"}],"about":[{"href":"https:\/\/jcamilo-sroc.pt\/pt-pt\/wp-json\/wp\/v2\/types\/page"}],"author":[{"embeddable":true,"href":"https:\/\/jcamilo-sroc.pt\/pt-pt\/wp-json\/wp\/v2\/users\/2"}],"replies":[{"embeddable":true,"href":"https:\/\/jcamilo-sroc.pt\/pt-pt\/wp-json\/wp\/v2\/comments?post=7"}],"version-history":[{"count":76,"href":"https:\/\/jcamilo-sroc.pt\/pt-pt\/wp-json\/wp\/v2\/pages\/7\/revisions"}],"predecessor-version":[{"id":3162,"href":"https:\/\/jcamilo-sroc.pt\/pt-pt\/wp-json\/wp\/v2\/pages\/7\/revisions\/3162"}],"wp:attachment":[{"href":"https:\/\/jcamilo-sroc.pt\/pt-pt\/wp-json\/wp\/v2\/media?parent=7"}],"curies":[{"name":"wp","href":"https:\/\/api.w.org\/{rel}","templated":true}]}}